{"id":754,"date":"2025-10-28T16:13:42","date_gmt":"2025-10-28T16:13:42","guid":{"rendered":"https:\/\/www.alcazarcomunicaciones.com\/?page_id=754"},"modified":"2025-12-01T16:02:44","modified_gmt":"2025-12-01T16:02:44","slug":"sobre-alcazar","status":"publish","type":"page","link":"https:\/\/www.alcazarcomunicaciones.com\/en\/sobre-alcazar\/","title":{"rendered":"About Alcazar"},"content":{"rendered":"<div data-elementor-type=\"wp-page\" data-elementor-id=\"754\" class=\"elementor elementor-754\" data-elementor-post-type=\"page\">\n\t\t\t\t<div class=\"wd-negative-gap elementor-element elementor-element-94be701 wd-section-stretch e-flex e-con-boxed e-con e-parent\" data-id=\"94be701\" data-element_type=\"container\" data-e-type=\"container\" data-settings=\"{&quot;background_background&quot;:&quot;classic&quot;}\">\n\t\t\t\t\t<div class=\"e-con-inner\">\n\t\t\t\t<div class=\"elementor-element elementor-element-060d679 elementor-widget__width-initial wd-animation-slide-short-from-left wd-width-100 wd-animation-normal wd_delay_100 wd-animation wd-transform elementor-widget elementor-widget-wd_title\" data-id=\"060d679\" data-element_type=\"widget\" data-e-type=\"widget\" data-widget_type=\"wd_title.default\">\n\t\t\t\t<div class=\"elementor-widget-container\">\n\t\t\t\t\t\t\t<div class=\"title-wrapper wd-set-mb reset-last-child wd-title-color-default wd-title-style-default wd-title-size-default text-left\">\n\n\t\t\t\n\t\t\t<div class=\"liner-continer\">\n\t\t\t\t<h1 class=\"woodmart-title-container title wd-fontsize-l\">As\u00ed es Alc\u00e1zar Com. <\/h1> \n\t\t\t\t\t\t\t<\/div>\n\n\t\t\t\t\t<\/div>\n\t\t\t\t\t\t<\/div>\n\t\t\t\t<\/div>\n\t\t\t\t<div class=\"elementor-element elementor-element-ad0b275 elementor-widget__width-initial wd-animation-slide-short-from-left wd-animation-normal wd_delay_100 wd-animation wd-transform elementor-widget elementor-widget-wd_text_block\" data-id=\"ad0b275\" data-element_type=\"widget\" data-e-type=\"widget\" data-widget_type=\"wd_text_block.default\">\n\t\t\t\t<div class=\"elementor-widget-container\">\n\t\t\t\t\t\t\t<div class=\"wd-text-block reset-last-child text-left color-scheme-light\">\n\t\t\t\n\t\t\tAs\u00ed es Alc\u00e1zar Comunicaciones: tecnolog\u00eda con personas dentro\n\t\t\t\t\t<\/div>\n\t\t\t\t\t\t<\/div>\n\t\t\t\t<\/div>\n\t\t\t\t\t<\/div>\n\t\t\t\t<\/div>\n\t\t<div class=\"wd-negative-gap elementor-element elementor-element-2f5df17 wd-section-stretch e-flex e-con-boxed e-con e-parent\" data-id=\"2f5df17\" data-element_type=\"container\" data-e-type=\"container\">\n\t\t\t\t\t<div class=\"e-con-inner\">\n\t\t<div class=\"elementor-element elementor-element-6de78b1 e-con-full e-flex e-con e-child\" data-id=\"6de78b1\" data-element_type=\"container\" data-e-type=\"container\">\n\t\t\t\t<div class=\"elementor-element elementor-element-8cce5a6 elementor-widget elementor-widget-wd_text_block\" data-id=\"8cce5a6\" data-element_type=\"widget\" data-e-type=\"widget\" data-widget_type=\"wd_text_block.default\">\n\t\t\t\t<div class=\"elementor-widget-container\">\n\t\t\t\t\t\t\t<div class=\"wd-text-block reset-last-child text-left\">\n\t\t\t\n\t\t\t<p>En Alc\u00e1zar Comunicaciones llevamos m\u00e1s de 25 a\u00f1os conectando a personas. Empezamos en los tiempos de las cabinas telef\u00f3nicas Teletup (las antiguas cabinas en bares y restaurantes), cuando llamar era casi una aventura y la tecnolog\u00eda se viv\u00eda en la calle. De ah\u00ed, evolucionamos hasta convertirnos en la empresa que somos hoy, pero sin perder nunca el trato cercano ni la atenci\u00f3n personalizada.<\/p><p>Despu\u00e9s de a\u00f1os viendo c\u00f3mo los grandes operadores trataban a sus clientes como n\u00fameros, decidimos hacer las cosas al rev\u00e9s: poner a las personas en el centro.<\/p><p>Muchos de nuestros primeros clientes siguen con nosotros, algunos todav\u00eda con sus cabinas telef\u00f3nicas funcionando. Eso dice m\u00e1s de nuestra forma de trabajar que cualquier anuncio.<\/p><p>Desde 2012, en Fuente \u00c1lamo de Murcia, apostamos por hacer las cosas diferentes:<\/p>\n\t\t\t\t\t<\/div>\n\t\t\t\t\t\t<\/div>\n\t\t\t\t<\/div>\n\t\t\t\t<\/div>\n\t\t<div class=\"elementor-element elementor-element-8a00d19 e-con-full e-flex e-con e-child\" data-id=\"8a00d19\" data-element_type=\"container\" data-e-type=\"container\">\n\t\t\t\t<div class=\"elementor-element elementor-element-fd931c5 elementor-widget elementor-widget-wd_image_or_svg\" data-id=\"fd931c5\" data-element_type=\"widget\" data-e-type=\"widget\" data-widget_type=\"wd_image_or_svg.default\">\n\t\t\t\t<div class=\"elementor-widget-container\">\n\t\t\t\t\t\n\t\t<div class=\"wd-image text-left\">\n\t\t\t\t\t\t\t\t<img decoding=\"async\" width=\"600\" height=\"400\" data-src=\"https:\/\/www.alcazarcomunicaciones.com\/wp-content\/uploads\/2025\/10\/IMG_8639-min-1024x683-1-600x400.jpg\" class=\"attachment-600x400 size-600x400 lazyload\" alt=\"\" data-srcset=\"https:\/\/www.alcazarcomunicaciones.com\/wp-content\/uploads\/2025\/10\/IMG_8639-min-1024x683-1-600x400.jpg 600w, https:\/\/www.alcazarcomunicaciones.com\/wp-content\/uploads\/2025\/10\/IMG_8639-min-1024x683-1-300x200.jpg 300w, https:\/\/www.alcazarcomunicaciones.com\/wp-content\/uploads\/2025\/10\/IMG_8639-min-1024x683-1-768x512.jpg 768w, https:\/\/www.alcazarcomunicaciones.com\/wp-content\/uploads\/2025\/10\/IMG_8639-min-1024x683-1-18x12.jpg 18w, https:\/\/www.alcazarcomunicaciones.com\/wp-content\/uploads\/2025\/10\/IMG_8639-min-1024x683-1.jpg 1024w\" data-sizes=\"(max-width: 600px) 100vw, 600px\" src=\"data:image\/svg+xml;base64,PHN2ZyB3aWR0aD0iMSIgaGVpZ2h0PSIxIiB4bWxucz0iaHR0cDovL3d3dy53My5vcmcvMjAwMC9zdmciPjwvc3ZnPg==\" style=\"--smush-placeholder-width: 600px; --smush-placeholder-aspect-ratio: 600\/400;\" \/>\t\t\t\t\t<\/div>\n\n\t\t\t\t\t\t<\/div>\n\t\t\t\t<\/div>\n\t\t\t\t<\/div>\n\t\t\t\t\t<\/div>\n\t\t\t\t<\/div>\n\t\t<div class=\"wd-negative-gap elementor-element elementor-element-7c34513 wd-section-stretch e-flex e-con-boxed e-con e-parent\" data-id=\"7c34513\" data-element_type=\"container\" data-e-type=\"container\" data-settings=\"{&quot;background_background&quot;:&quot;gradient&quot;}\">\n\t\t\t\t\t<div class=\"e-con-inner\">\n\t\t<div class=\"elementor-element elementor-element-f9bba1b e-con-full e-flex e-con e-child\" data-id=\"f9bba1b\" data-element_type=\"container\" data-e-type=\"container\">\n\t\t\t\t<div class=\"elementor-element elementor-element-c0896a9 elementor-align-start elementor-icon-list--layout-traditional elementor-list-item-link-full_width elementor-widget elementor-widget-icon-list\" data-id=\"c0896a9\" data-element_type=\"widget\" data-e-type=\"widget\" data-widget_type=\"icon-list.default\">\n\t\t\t\t<div class=\"elementor-widget-container\">\n\t\t\t\t\t\t\t<ul class=\"elementor-icon-list-items\">\n\t\t\t\t\t\t\t<li class=\"elementor-icon-list-item\">\n\t\t\t\t\t\t\t\t\t\t\t<span class=\"elementor-icon-list-icon\">\n\t\t\t\t\t\t\t<i aria-hidden=\"true\" class=\"las la-comment-slash\"><\/i>\t\t\t\t\t\t<\/span>\n\t\t\t\t\t\t\t\t\t\t<span class=\"elementor-icon-list-text\">Nada de call centers lejanos ni respuestas autom\u00e1ticas.<\/span>\n\t\t\t\t\t\t\t\t\t<\/li>\n\t\t\t\t\t\t\t\t<li class=\"elementor-icon-list-item\">\n\t\t\t\t\t\t\t\t\t\t\t<span class=\"elementor-icon-list-icon\">\n\t\t\t\t\t\t\t<i aria-hidden=\"true\" class=\"las la-user-check\"><\/i>\t\t\t\t\t\t<\/span>\n\t\t\t\t\t\t\t\t\t\t<span class=\"elementor-icon-list-text\">Aqu\u00ed te atiende gente de carne y hueso, que te escucha y te soluciona.<\/span>\n\t\t\t\t\t\t\t\t\t<\/li>\n\t\t\t\t\t\t\t\t<li class=\"elementor-icon-list-item\">\n\t\t\t\t\t\t\t\t\t\t\t<span class=\"elementor-icon-list-icon\">\n\t\t\t\t\t\t\t<i aria-hidden=\"true\" class=\"las la-euro-sign\"><\/i>\t\t\t\t\t\t<\/span>\n\t\t\t\t\t\t\t\t\t\t<span class=\"elementor-icon-list-text\">Precios justos, sin sorpresas ni letra peque\u00f1a.<\/span>\n\t\t\t\t\t\t\t\t\t<\/li>\n\t\t\t\t\t\t<\/ul>\n\t\t\t\t\t\t<\/div>\n\t\t\t\t<\/div>\n\t\t\t\t<\/div>\n\t\t\t\t\t<\/div>\n\t\t\t\t<\/div>\n\t\t<div class=\"wd-negative-gap elementor-element elementor-element-da38dff wd-section-stretch e-flex e-con-boxed e-con e-parent\" data-id=\"da38dff\" data-element_type=\"container\" data-e-type=\"container\">\n\t\t\t\t\t<div class=\"e-con-inner\">\n\t\t<div class=\"elementor-element elementor-element-ba527a0 e-con-full e-flex e-con e-child\" data-id=\"ba527a0\" data-element_type=\"container\" data-e-type=\"container\">\n\t\t\t\t<div class=\"elementor-element elementor-element-c270794 elementor-widget elementor-widget-wd_text_block\" data-id=\"c270794\" data-element_type=\"widget\" data-e-type=\"widget\" data-widget_type=\"wd_text_block.default\">\n\t\t\t\t<div class=\"elementor-widget-container\">\n\t\t\t\t\t\t\t<div class=\"wd-text-block reset-last-child text-left\">\n\t\t\t\n\t\t\t<p>Ven a vernos a la Calle Doctor Mara\u00f1\u00f3n, 51, en Fuente \u00c1lamo o ll\u00e1manos.<\/p><p>Te ayudamos con telefon\u00eda, televisi\u00f3n, alarmas y todo lo que necesitas para tu casa o tu negocio.<\/p><p>\u00bfBuscas m\u00f3viles, accesorios, cables o el \u00faltimo TV Box? Aqu\u00ed lo tienes, y siempre con alguien al otro lado para ayudarte.<\/p>\n\t\t\t\t\t<\/div>\n\t\t\t\t\t\t<\/div>\n\t\t\t\t<\/div>\n\t\t\t\t<div class=\"elementor-element elementor-element-a51bd0e elementor-widget__width-initial wd-animation-slide-short-from-left wd-animation-normal wd_delay_100 wd-animation wd-transform elementor-widget elementor-widget-wd_text_block\" data-id=\"a51bd0e\" data-element_type=\"widget\" data-e-type=\"widget\" data-widget_type=\"wd_text_block.default\">\n\t\t\t\t<div class=\"elementor-widget-container\">\n\t\t\t\t\t\t\t<div class=\"wd-text-block reset-last-child text-left color-scheme-dark\">\n\t\t\t\n\t\t\tAlc\u00e1zar Comunicaciones: tecnolog\u00eda cercana, personas reales y experiencia de verdad.\n\t\t\t\t\t<\/div>\n\t\t\t\t\t\t<\/div>\n\t\t\t\t<\/div>\n\t\t\t\t<\/div>\n\t\t<div class=\"elementor-element elementor-element-388d8e8 e-con-full e-flex e-con e-child\" data-id=\"388d8e8\" data-element_type=\"container\" data-e-type=\"container\">\n\t\t\t\t<div class=\"elementor-element elementor-element-b449006 elementor-widget elementor-widget-google_maps\" data-id=\"b449006\" data-element_type=\"widget\" data-e-type=\"widget\" data-widget_type=\"google_maps.default\">\n\t\t\t\t<div class=\"elementor-widget-container\">\n\t\t\t\t\t\t\t<div class=\"elementor-custom-embed\">\n\t\t\t<iframe\n\t\t\t\t\tdata-src=\"https:\/\/maps.google.com\/maps?q=Alc%C3%A1zar%20Comunicaciones&#038;t=m&#038;z=18&#038;output=embed&#038;iwloc=near\"\n\t\t\t\t\ttitle=\"Alc\u00e1zar Comunicaciones\"\n\t\t\t\t\taria-label=\"Alc\u00e1zar Comunicaciones\"\n\t\t\t src=\"data:image\/svg+xml;base64,PHN2ZyB3aWR0aD0iMSIgaGVpZ2h0PSIxIiB4bWxucz0iaHR0cDovL3d3dy53My5vcmcvMjAwMC9zdmciPjwvc3ZnPg==\" class=\"lazyload\" data-load-mode=\"1\"><\/iframe>\n\t\t<\/div>\n\t\t\t\t\t\t<\/div>\n\t\t\t\t<\/div>\n\t\t\t\t<\/div>\n\t\t\t\t\t<\/div>\n\t\t\t\t<\/div>\n\t\t\t\t<\/div>","protected":false},"excerpt":{"rendered":"<p>As\u00ed es Alc\u00e1zar Com. As\u00ed es Alc\u00e1zar Comunicaciones: tecnolog\u00eda con personas dentro En Alc\u00e1zar Comunicaciones llevamos m\u00e1s de 25 a\u00f1os<\/p>","protected":false},"author":1,"featured_media":0,"parent":0,"menu_order":6,"comment_status":"closed","ping_status":"closed","template":"","meta":{"_acf_changed":false,"footnotes":""},"class_list":["post-754","page","type-page","status-publish","hentry"],"acf":[],"yoast_head":"<!-- This site is optimized with the Yoast SEO plugin v27.6 - https:\/\/yoast.com\/product\/yoast-seo-wordpress\/ -->\n<title>Alc\u00e1zar Comunicaciones - Sobre Alc\u00e1zar<\/title>\n<meta name=\"description\" content=\"Disfruta de las mejores series, pel\u00edculas y partidos con nuestro servicio de televisi\u00f3n en Murcia. Sin instalaci\u00f3n, ni cables ni esperas.\" \/>\n<meta name=\"robots\" content=\"index, follow, max-snippet:-1, max-image-preview:large, max-video-preview:-1\" \/>\n<link rel=\"canonical\" href=\"https:\/\/www.alcazarcomunicaciones.com\/en\/sobre-alcazar\/\" \/>\n<meta property=\"og:locale\" content=\"en_GB\" \/>\n<meta property=\"og:type\" content=\"article\" \/>\n<meta property=\"og:title\" content=\"Alc\u00e1zar Comunicaciones - Sobre Alc\u00e1zar\" \/>\n<meta property=\"og:description\" content=\"Disfruta de las mejores series, pel\u00edculas y partidos con nuestro servicio de televisi\u00f3n en Murcia. Sin instalaci\u00f3n, ni cables ni esperas.\" \/>\n<meta property=\"og:url\" content=\"https:\/\/www.alcazarcomunicaciones.com\/en\/sobre-alcazar\/\" \/>\n<meta property=\"og:site_name\" content=\"Alc\u00e1zar Comunicaciones\" \/>\n<meta property=\"article:publisher\" content=\"https:\/\/www.facebook.com\/alcazarcomunicaciones\" \/>\n<meta property=\"article:modified_time\" content=\"2025-12-01T16:02:44+00:00\" \/>\n<meta property=\"og:image\" content=\"https:\/\/www.alcazarcomunicaciones.com\/wp-content\/uploads\/2025\/10\/IMG_8639-min-1024x683-1-600x400.jpg\" \/>\n<meta name=\"twitter:card\" content=\"summary_large_image\" \/>\n<meta name=\"twitter:label1\" content=\"Estimated reading time\" \/>\n\t<meta name=\"twitter:data1\" content=\"2 minutes\" \/>\n<script type=\"application\/ld+json\" class=\"yoast-schema-graph\">{\"@context\":\"https:\\\/\\\/schema.org\",\"@graph\":[{\"@type\":\"WebPage\",\"@id\":\"https:\\\/\\\/www.alcazarcomunicaciones.com\\\/sobre-alcazar\\\/\",\"url\":\"https:\\\/\\\/www.alcazarcomunicaciones.com\\\/sobre-alcazar\\\/\",\"name\":\"Alc\u00e1zar Comunicaciones - Sobre Alc\u00e1zar\",\"isPartOf\":{\"@id\":\"https:\\\/\\\/www.alcazarcomunicaciones.com\\\/#website\"},\"primaryImageOfPage\":{\"@id\":\"https:\\\/\\\/www.alcazarcomunicaciones.com\\\/sobre-alcazar\\\/#primaryimage\"},\"image\":{\"@id\":\"https:\\\/\\\/www.alcazarcomunicaciones.com\\\/sobre-alcazar\\\/#primaryimage\"},\"thumbnailUrl\":\"https:\\\/\\\/www.alcazarcomunicaciones.com\\\/wp-content\\\/uploads\\\/2025\\\/10\\\/IMG_8639-min-1024x683-1-600x400.jpg\",\"datePublished\":\"2025-10-28T16:13:42+00:00\",\"dateModified\":\"2025-12-01T16:02:44+00:00\",\"description\":\"Disfruta de las mejores series, pel\u00edculas y partidos con nuestro servicio de televisi\u00f3n en Murcia. Sin instalaci\u00f3n, ni cables ni esperas.\",\"breadcrumb\":{\"@id\":\"https:\\\/\\\/www.alcazarcomunicaciones.com\\\/sobre-alcazar\\\/#breadcrumb\"},\"inLanguage\":\"en-GB\",\"potentialAction\":[{\"@type\":\"ReadAction\",\"target\":[\"https:\\\/\\\/www.alcazarcomunicaciones.com\\\/sobre-alcazar\\\/\"]}]},{\"@type\":\"ImageObject\",\"inLanguage\":\"en-GB\",\"@id\":\"https:\\\/\\\/www.alcazarcomunicaciones.com\\\/sobre-alcazar\\\/#primaryimage\",\"url\":\"https:\\\/\\\/www.alcazarcomunicaciones.com\\\/wp-content\\\/uploads\\\/2025\\\/10\\\/IMG_8639-min-1024x683-1-600x400.jpg\",\"contentUrl\":\"https:\\\/\\\/www.alcazarcomunicaciones.com\\\/wp-content\\\/uploads\\\/2025\\\/10\\\/IMG_8639-min-1024x683-1-600x400.jpg\"},{\"@type\":\"BreadcrumbList\",\"@id\":\"https:\\\/\\\/www.alcazarcomunicaciones.com\\\/sobre-alcazar\\\/#breadcrumb\",\"itemListElement\":[{\"@type\":\"ListItem\",\"position\":1,\"name\":\"Portada\",\"item\":\"https:\\\/\\\/www.alcazarcomunicaciones.com\\\/\"},{\"@type\":\"ListItem\",\"position\":2,\"name\":\"Sobre Alc\u00e1zar\"}]},{\"@type\":\"WebSite\",\"@id\":\"https:\\\/\\\/www.alcazarcomunicaciones.com\\\/#website\",\"url\":\"https:\\\/\\\/www.alcazarcomunicaciones.com\\\/\",\"name\":\"Alc\u00e1zar Comunicaciones\",\"description\":\"Fibra y M\u00f3vil en Murcia\",\"publisher\":{\"@id\":\"https:\\\/\\\/www.alcazarcomunicaciones.com\\\/#organization\"},\"potentialAction\":[{\"@type\":\"SearchAction\",\"target\":{\"@type\":\"EntryPoint\",\"urlTemplate\":\"https:\\\/\\\/www.alcazarcomunicaciones.com\\\/?s={search_term_string}\"},\"query-input\":{\"@type\":\"PropertyValueSpecification\",\"valueRequired\":true,\"valueName\":\"search_term_string\"}}],\"inLanguage\":\"en-GB\"},{\"@type\":\"Organization\",\"@id\":\"https:\\\/\\\/www.alcazarcomunicaciones.com\\\/#organization\",\"name\":\"Alc\u00e1zar Comunicaciones\",\"url\":\"https:\\\/\\\/www.alcazarcomunicaciones.com\\\/\",\"logo\":{\"@type\":\"ImageObject\",\"inLanguage\":\"en-GB\",\"@id\":\"https:\\\/\\\/www.alcazarcomunicaciones.com\\\/#\\\/schema\\\/logo\\\/image\\\/\",\"url\":\"https:\\\/\\\/www.alcazarcomunicaciones.com\\\/wp-content\\\/uploads\\\/2025\\\/09\\\/cropped-alcazar-comunicaciones-new-brand-floating-logo-retina.png\",\"contentUrl\":\"https:\\\/\\\/www.alcazarcomunicaciones.com\\\/wp-content\\\/uploads\\\/2025\\\/09\\\/cropped-alcazar-comunicaciones-new-brand-floating-logo-retina.png\",\"width\":512,\"height\":512,\"caption\":\"Alc\u00e1zar Comunicaciones\"},\"image\":{\"@id\":\"https:\\\/\\\/www.alcazarcomunicaciones.com\\\/#\\\/schema\\\/logo\\\/image\\\/\"},\"sameAs\":[\"https:\\\/\\\/www.facebook.com\\\/alcazarcomunicaciones\",\"https:\\\/\\\/www.instagram.com\\\/alcazarcomunicaciones\"]}]}<\/script>\n<!-- \/ Yoast SEO plugin. -->","yoast_head_json":{"title":"Alc\u00e1zar Comunicaciones - Sobre Alc\u00e1zar","description":"Disfruta de las mejores series, pel\u00edculas y partidos con nuestro servicio de televisi\u00f3n en Murcia. Sin instalaci\u00f3n, ni cables ni esperas.","robots":{"index":"index","follow":"follow","max-snippet":"max-snippet:-1","max-image-preview":"max-image-preview:large","max-video-preview":"max-video-preview:-1"},"canonical":"https:\/\/www.alcazarcomunicaciones.com\/en\/sobre-alcazar\/","og_locale":"en_GB","og_type":"article","og_title":"Alc\u00e1zar Comunicaciones - Sobre Alc\u00e1zar","og_description":"Disfruta de las mejores series, pel\u00edculas y partidos con nuestro servicio de televisi\u00f3n en Murcia. Sin instalaci\u00f3n, ni cables ni esperas.","og_url":"https:\/\/www.alcazarcomunicaciones.com\/en\/sobre-alcazar\/","og_site_name":"Alc\u00e1zar Comunicaciones","article_publisher":"https:\/\/www.facebook.com\/alcazarcomunicaciones","article_modified_time":"2025-12-01T16:02:44+00:00","og_image":[{"url":"https:\/\/www.alcazarcomunicaciones.com\/wp-content\/uploads\/2025\/10\/IMG_8639-min-1024x683-1-600x400.jpg","type":"","width":"","height":""}],"twitter_card":"summary_large_image","twitter_misc":{"Estimated reading time":"2 minutes"},"schema":{"@context":"https:\/\/schema.org","@graph":[{"@type":"WebPage","@id":"https:\/\/www.alcazarcomunicaciones.com\/sobre-alcazar\/","url":"https:\/\/www.alcazarcomunicaciones.com\/sobre-alcazar\/","name":"Alc\u00e1zar Comunicaciones - Sobre Alc\u00e1zar","isPartOf":{"@id":"https:\/\/www.alcazarcomunicaciones.com\/#website"},"primaryImageOfPage":{"@id":"https:\/\/www.alcazarcomunicaciones.com\/sobre-alcazar\/#primaryimage"},"image":{"@id":"https:\/\/www.alcazarcomunicaciones.com\/sobre-alcazar\/#primaryimage"},"thumbnailUrl":"https:\/\/www.alcazarcomunicaciones.com\/wp-content\/uploads\/2025\/10\/IMG_8639-min-1024x683-1-600x400.jpg","datePublished":"2025-10-28T16:13:42+00:00","dateModified":"2025-12-01T16:02:44+00:00","description":"Disfruta de las mejores series, pel\u00edculas y partidos con nuestro servicio de televisi\u00f3n en Murcia. Sin instalaci\u00f3n, ni cables ni esperas.","breadcrumb":{"@id":"https:\/\/www.alcazarcomunicaciones.com\/sobre-alcazar\/#breadcrumb"},"inLanguage":"en-GB","potentialAction":[{"@type":"ReadAction","target":["https:\/\/www.alcazarcomunicaciones.com\/sobre-alcazar\/"]}]},{"@type":"ImageObject","inLanguage":"en-GB","@id":"https:\/\/www.alcazarcomunicaciones.com\/sobre-alcazar\/#primaryimage","url":"https:\/\/www.alcazarcomunicaciones.com\/wp-content\/uploads\/2025\/10\/IMG_8639-min-1024x683-1-600x400.jpg","contentUrl":"https:\/\/www.alcazarcomunicaciones.com\/wp-content\/uploads\/2025\/10\/IMG_8639-min-1024x683-1-600x400.jpg"},{"@type":"BreadcrumbList","@id":"https:\/\/www.alcazarcomunicaciones.com\/sobre-alcazar\/#breadcrumb","itemListElement":[{"@type":"ListItem","position":1,"name":"Portada","item":"https:\/\/www.alcazarcomunicaciones.com\/"},{"@type":"ListItem","position":2,"name":"Sobre Alc\u00e1zar"}]},{"@type":"WebSite","@id":"https:\/\/www.alcazarcomunicaciones.com\/#website","url":"https:\/\/www.alcazarcomunicaciones.com\/","name":"Alc\u00e1zar Comunicaciones","description":"Fibra y M\u00f3vil en Murcia","publisher":{"@id":"https:\/\/www.alcazarcomunicaciones.com\/#organization"},"potentialAction":[{"@type":"SearchAction","target":{"@type":"EntryPoint","urlTemplate":"https:\/\/www.alcazarcomunicaciones.com\/?s={search_term_string}"},"query-input":{"@type":"PropertyValueSpecification","valueRequired":true,"valueName":"search_term_string"}}],"inLanguage":"en-GB"},{"@type":"Organization","@id":"https:\/\/www.alcazarcomunicaciones.com\/#organization","name":"Alc\u00e1zar Comunicaciones","url":"https:\/\/www.alcazarcomunicaciones.com\/","logo":{"@type":"ImageObject","inLanguage":"en-GB","@id":"https:\/\/www.alcazarcomunicaciones.com\/#\/schema\/logo\/image\/","url":"https:\/\/www.alcazarcomunicaciones.com\/wp-content\/uploads\/2025\/09\/cropped-alcazar-comunicaciones-new-brand-floating-logo-retina.png","contentUrl":"https:\/\/www.alcazarcomunicaciones.com\/wp-content\/uploads\/2025\/09\/cropped-alcazar-comunicaciones-new-brand-floating-logo-retina.png","width":512,"height":512,"caption":"Alc\u00e1zar Comunicaciones"},"image":{"@id":"https:\/\/www.alcazarcomunicaciones.com\/#\/schema\/logo\/image\/"},"sameAs":["https:\/\/www.facebook.com\/alcazarcomunicaciones","https:\/\/www.instagram.com\/alcazarcomunicaciones"]}]}},"_links":{"self":[{"href":"https:\/\/www.alcazarcomunicaciones.com\/en\/wp-json\/wp\/v2\/pages\/754","targetHints":{"allow":["GET"]}}],"collection":[{"href":"https:\/\/www.alcazarcomunicaciones.com\/en\/wp-json\/wp\/v2\/pages"}],"about":[{"href":"https:\/\/www.alcazarcomunicaciones.com\/en\/wp-json\/wp\/v2\/types\/page"}],"author":[{"embeddable":true,"href":"https:\/\/www.alcazarcomunicaciones.com\/en\/wp-json\/wp\/v2\/users\/1"}],"replies":[{"embeddable":true,"href":"https:\/\/www.alcazarcomunicaciones.com\/en\/wp-json\/wp\/v2\/comments?post=754"}],"version-history":[{"count":13,"href":"https:\/\/www.alcazarcomunicaciones.com\/en\/wp-json\/wp\/v2\/pages\/754\/revisions"}],"predecessor-version":[{"id":958,"href":"https:\/\/www.alcazarcomunicaciones.com\/en\/wp-json\/wp\/v2\/pages\/754\/revisions\/958"}],"wp:attachment":[{"href":"https:\/\/www.alcazarcomunicaciones.com\/en\/wp-json\/wp\/v2\/media?parent=754"}],"curies":[{"name":"wp","href":"https:\/\/api.w.org\/{rel}","templated":true}]}}